{"id":12,"date":"2022-12-30T09:18:09","date_gmt":"2022-12-30T09:18:09","guid":{"rendered":"https:\/\/cesin.rs\/?page_id=12"},"modified":"2023-01-19T08:45:21","modified_gmt":"2023-01-19T09:45:21","slug":"o-nama","status":"publish","type":"page","link":"https:\/\/cesin.rs\/","title":{"rendered":"CSI"},"content":{"rendered":"\n<h2 class=\"alignwide has-text-align-wide has-large-font-size wp-block-heading\" style=\"line-height:1.1\">Udru\u017eenje gra\u0111ana \u201eCentar za socijalnu inkluziju\u201c<\/h2>\n\n\n\n<div class=\"wp-block-columns alignwide are-vertically-aligned-top is-layout-flex wp-container-core-columns-is-layout-28f84493 wp-block-columns-is-layout-flex\">\n<div class=\"wp-block-column is-vertically-aligned-top is-layout-flow wp-block-column-is-layout-flow\">\n<p>je dobrovoljno, nevladino, neprofitno, humanitarno udru\u017eenje, osnovano radi ostvarivanja humanitarnih ciljeva u oblasti podr\u0161ke osobama sa invaliditetom. Aktivnosti udru\u017eenja se osmi\u0161ljavaju u skladu sa potrebama osoba svih uzrasta &#8211; od ro\u0111enja do njihove najkasnije starosne dobi &nbsp;&#8211; bez obzira na njihovu rasnu, nacionalnu, versku i politi\u010dku pripadnost. Pored toga, bavimo se i drugim humanitarnim programima koji neposredno slede javne potrebe korisnika.<\/p>\n\n\n\n<p>Udru\u017eenje je osnovano 2011. godine, u Novom Sadu. \u010clanovi su profesionalci, sa i bez invaliditeta, razli\u010ditih struka: vizuelni umetnici, muzi\u010dari, IT stru\u010dnjaci, defektolozi, ali i korisnici programa.<\/p>\n\n\n\n<p><\/p>\n<\/div>\n<\/div>\n","protected":false},"excerpt":{"rendered":"<p>Udru\u017eenje gra\u0111ana \u201eCentar za socijalnu inkluziju\u201c je dobrovoljno, nevladino, neprofitno, humanitarno udru\u017eenje, osnovano radi ostvarivanja humanitarnih ciljeva u oblasti podr\u0161ke osobama sa invaliditetom. Aktivnosti udru\u017eenja se osmi\u0161ljavaju u skladu sa potrebama osoba svih uzrasta &#8211; od ro\u0111enja do njihove najkasnije starosne dobi &nbsp;&#8211; bez obzira na njihovu rasnu, nacionalnu, versku i politi\u010dku pripadnost. Pored toga, [&hellip;]<\/p>\n","protected":false},"author":1,"featured_media":259,"parent":0,"menu_order":0,"comment_status":"closed","ping_status":"closed","template":"","meta":{"footnotes":""},"class_list":["post-12","page","type-page","status-publish","has-post-thumbnail","hentry"],"_links":{"self":[{"href":"https:\/\/cesin.rs\/index.php\/wp-json\/wp\/v2\/pages\/12","targetHints":{"allow":["GET"]}}],"collection":[{"href":"https:\/\/cesin.rs\/index.php\/wp-json\/wp\/v2\/pages"}],"about":[{"href":"https:\/\/cesin.rs\/index.php\/wp-json\/wp\/v2\/types\/page"}],"author":[{"embeddable":true,"href":"https:\/\/cesin.rs\/index.php\/wp-json\/wp\/v2\/users\/1"}],"replies":[{"embeddable":true,"href":"https:\/\/cesin.rs\/index.php\/wp-json\/wp\/v2\/comments?post=12"}],"version-history":[{"count":12,"href":"https:\/\/cesin.rs\/index.php\/wp-json\/wp\/v2\/pages\/12\/revisions"}],"predecessor-version":[{"id":258,"href":"https:\/\/cesin.rs\/index.php\/wp-json\/wp\/v2\/pages\/12\/revisions\/258"}],"wp:featuredmedia":[{"embeddable":true,"href":"https:\/\/cesin.rs\/index.php\/wp-json\/wp\/v2\/media\/259"}],"wp:attachment":[{"href":"https:\/\/cesin.rs\/index.php\/wp-json\/wp\/v2\/media?parent=12"}],"curies":[{"name":"wp","href":"https:\/\/api.w.org\/{rel}","templated":true}]}}