{"id":179,"date":"2023-01-05T16:59:27","date_gmt":"2023-01-05T17:59:27","guid":{"rendered":"https:\/\/cesin.rs\/?page_id=179"},"modified":"2023-03-12T10:00:15","modified_gmt":"2023-03-12T11:00:15","slug":"zvucni-snop","status":"publish","type":"page","link":"https:\/\/cesin.rs\/index.php\/projekti\/zvucni-snop\/","title":{"rendered":"Zvu\u010dni snop"},"content":{"rendered":"\n<p>Zvu\u010dni snop ili <em><strong>Soundbeam<\/strong><\/em> je brand name grupe asistivnih ure\u0111aja za muziciranje pomo\u0107u senzora pokreta namenjenih prevashodno osobama sa pote\u0161ko\u0107ama u kretanju. Istoimenu muzi\u010dku radionicu je osnovao rok muzi\u010dar \u017darko Sebi\u0107 zajedno sa Renatom Koler krajem 2012. godine.  Radionica deluje u okviru \u0161kole <a rel=\"noreferrer noopener\" href=\"https:\/\/smp.edu.rs\/srlat\/pocetna\/\" target=\"_blank\">&#8220;Milan Petrovi\u0107&#8221;<\/a> i uz podr\u0161ku <a rel=\"noreferrer noopener\" href=\"https:\/\/cesin.rs\/\" target=\"_blank\">Centra za socijalnu inkluziju<\/a>.  Projektno finansirana, radionica je na po\u010detku bila rehabilitativnog i edukativnog karaktera, da bi se vremenom, uz boga\u0107enje asistivne muzi\u010dke tehnologije, razvila u orkestar pod nazivom&nbsp;<a rel=\"noreferrer noopener\" href=\"https:\/\/www.facebook.com\/Dobri-ljudi-110903063664956\/?ref=page_internal\" target=\"_blank\"><em>Dobri ljudi<\/em><\/a>&nbsp;koji stvara sopstvenu muziku. U okviru muzi\u010dke radionice u\u010destvuje oko 25 mladih ljudi, a u orkestru je od pet do deset osoba sa razli\u010ditim vidovima invaliditeta. <em>Dobri ljudi<\/em> su do sada vi\u0161e puta nastupali u Novom Sadu na <em>Jazz  festivalima<\/em> (2015-19), u lokalnim projektima <em>Kulturnog Novog naselja<\/em>, na <em>Festivalima uli\u010dnih svira\u010da<\/em> (2017-19), u programima <a rel=\"noreferrer noopener\" href=\"https:\/\/www.venezuelasinfonica.com\/gerardo-estrada-conduce-sistema-serbia-ninos-adultos-alguna-discapacidad\/?fbclid=IwAR1hve0uY890bqP0OLsjHkyJlODUbShkYKqljMQKXEoEofbxDZ2iwe7fPsI\" target=\"_blank\"><em>Music Art Projecta<\/em><\/a> (2017), u projektu <em><a rel=\"noreferrer noopener\" href=\"https:\/\/www.facebook.com\/ukrstanje\" target=\"_blank\">Ukr\u0161tanje<\/a><\/em> (2018), u okviru prestonice kulture <a rel=\"noreferrer noopener\" href=\"https:\/\/www.youtube.com\/watch?v=1zGXML_VpdE\" target=\"_blank\"><em>Novi Sad 2022 &#8211;  EPK<\/em><\/a> (2018-2022). <em>Soundbeam<\/em> muzika je bila okosnica dva IPA Interreg HUSRB prekograni\u010dna projekta <a rel=\"noreferrer noopener\" href=\"https:\/\/www.facebook.com\/crossbordersound\/\" target=\"_blank\"><em>Cross-border sound dance and paint<\/em><\/a> (2018; 2020) koji su veoma pozitivno ocenjeni od <a href=\"https:\/\/www.youtube.com\/watch?v=OLmkie8_KHw&amp;embeds_euri=https%3A%2F%2Fmail.google.com%2F&amp;embeds_origin=https%3A%2F%2Fmail.google.com&amp;feature=emb_logo\" target=\"_blank\" rel=\"noreferrer noopener\">EU delegacije u Republici Srbiji<\/a>, u RYCO projektu <em><a rel=\"noreferrer noopener\" href=\"https:\/\/www.youtube.com\/watch?v=lR1UdNutuNQ\" target=\"_blank\">Music for all<\/a><\/em> (2021)  i nastupima na<em> <a rel=\"noreferrer noopener\" href=\"https:\/\/www.musik-inklusiv.de\/europa-intakt\/2022?fbclid=IwAR1KOmdxPsUUfZB_t9gSdX99ygk_uwZX5BAaf5d4_KER86c6syH97MljIz0\" target=\"_blank\">InTact<\/a> <\/em><a rel=\"noreferrer noopener\" href=\"https:\/\/www.facebook.com\/milanpetrovicschool\/posts\/pfbid02KdpfFJx1syue176MuLmvfgKtGg7o6wAih4nmBoTmm4GMagznTdP7xYzLuEdVNAQsl\" target=\"_blank\">inkluzivnom muzi\u010dkom festivalu u Dortmundu<\/a> (2022).<\/p>\n\n\n\n<p>Orkestar <em>Dobri ljudi<\/em> nagra\u0111en je presti\u017enom nagradom na temu <strong>Inovativna re\u0161enja &#8211; Zero projekat za 2023. godinu<\/strong> &#8211; me\u0111u sedamdeset drugih dobitnicika sa svih kontinenata.  <\/p>\n\n\n\n<figure class=\"wp-block-image size-full\"><img loading=\"lazy\" decoding=\"async\" width=\"960\" height=\"960\" src=\"https:\/\/cesin.rs\/wp-content\/uploads\/2023\/01\/320927638_1435628893932417_4036566865828632098_n.jpg\" alt=\"Baner nagre\u0111eniog Zero projekta\" class=\"wp-image-193\" srcset=\"https:\/\/cesin.rs\/wp-content\/uploads\/2023\/01\/320927638_1435628893932417_4036566865828632098_n.jpg 960w, https:\/\/cesin.rs\/wp-content\/uploads\/2023\/01\/320927638_1435628893932417_4036566865828632098_n-300x300.jpg 300w, https:\/\/cesin.rs\/wp-content\/uploads\/2023\/01\/320927638_1435628893932417_4036566865828632098_n-150x150.jpg 150w, https:\/\/cesin.rs\/wp-content\/uploads\/2023\/01\/320927638_1435628893932417_4036566865828632098_n-768x768.jpg 768w\" sizes=\"auto, (max-width: 960px) 100vw, 960px\" \/><\/figure>\n\n\n\n<p>Nakon progla\u0161enja nagra\u0111enih za 2023. godinu Zero projekat je prezentovao i promovisao ciljeve inicijative tokom konferencije koja se odr\u017eava u Kancelariji Ujedinenjih nacija u Be\u010du. Ovaj globalni doga\u0111aj  je preno\u0161en u\u017eivo od 22-24. februara 2023. godine. Za vi\u0161e informacija posetite: <a rel=\"noreferrer noopener\" href=\"https:\/\/l.facebook.com\/l.php?u=https%3A%2F%2Fzeroproject.org%2Fzerocon23%3Ffbclid%3DIwAR2Ddj8RoSwWTUU22LDtIS0lp95eHEamhbOISxVpVHDKwjkxdyjQHl3hgyU&amp;h=AT0NjXRwh7J3cfZpzKSqMNx_yLPjKv6zBh4NSLMS4dsvjbyEDxhImlZ87yJWN8Foq4Z43n0gS3x0-4J3xngheAR3JhdY6dw9hKTkJYcIgrr6p_CuhdkfEJ9MEkgEMwuJXg&amp;__tn__=-UK-R&amp;c[0]=AT0sJeBvqX2yjOuhojz2_Np2Fa2WFCJK9UaDm6t55LmizJVjgvThPnt4H6k7A5Q2k76SfG_ovpg8CFVS8ccArStgXZwcMvAE1sLSYlYK1cKzTma9mdvfJyJwb_5c_WhapxSNrnowniRKhfSvcWc_qD128A0NSQ\" target=\"_blank\">https:\/\/zeroproject.org\/zerocon23<\/a><\/p>\n\n\n\n<p>Detalje sa Be\u010dkog nastupa i reakcije Dobrih ljudi na ovaj doga\u0111aj zabele\u017eila je RT Vojvodine 10.03.2023.<\/p>\n\n\n\n<figure class=\"wp-block-embed is-type-video is-provider-youtube wp-block-embed-youtube wp-embed-aspect-16-9 wp-has-aspect-ratio\"><div class=\"wp-block-embed__wrapper\">\n<iframe loading=\"lazy\" title=\"Be\u010dki koncert orkestra &quot;Dobri ljudi&quot; iz novosadske \u0161kole &quot;Milan Petrovi\u0107&quot;\" width=\"500\" height=\"281\" src=\"https:\/\/www.youtube.com\/embed\/3xIy2_kpfKY?feature=oembed\" frameborder=\"0\" allow=\"accelerometer; autoplay; clipboard-write; encrypted-media; gyroscope; picture-in-picture; web-share\" referrerpolicy=\"strict-origin-when-cross-origin\" allowfullscreen><\/iframe>\n<\/div><\/figure>\n\n\n\n<p><\/p>\n\n\n\n<figure class=\"wp-block-embed is-type-video is-provider-youtube wp-block-embed-youtube wp-embed-aspect-16-9 wp-has-aspect-ratio\"><div class=\"wp-block-embed__wrapper\">\n<iframe loading=\"lazy\" title=\"Ukr\u0161tanje: Bo\u017ei\u0107ni nastup\" width=\"500\" height=\"281\" src=\"https:\/\/www.youtube.com\/embed\/AR69OSy1Ig4?feature=oembed\" frameborder=\"0\" allow=\"accelerometer; autoplay; clipboard-write; encrypted-media; gyroscope; picture-in-picture; web-share\" referrerpolicy=\"strict-origin-when-cross-origin\" allowfullscreen><\/iframe>\n<\/div><\/figure>\n\n\n\n<figure class=\"wp-block-embed is-type-video is-provider-youtube wp-block-embed-youtube wp-embed-aspect-16-9 wp-has-aspect-ratio\"><div class=\"wp-block-embed__wrapper\">\n<iframe loading=\"lazy\" title=\"Good People Orchestra\/ Ode to Joy\/ Europe Day celebration 2021 -Serbia\" width=\"500\" height=\"281\" src=\"https:\/\/www.youtube.com\/embed\/gUqul9qrtEE?start=2&#038;feature=oembed\" frameborder=\"0\" allow=\"accelerometer; autoplay; clipboard-write; encrypted-media; gyroscope; picture-in-picture; web-share\" referrerpolicy=\"strict-origin-when-cross-origin\" allowfullscreen><\/iframe>\n<\/div><\/figure>\n\n\n\n<p><a href=\"https:\/\/www.facebook.com\/search\/top\/?q=Dobri%20ljudi%20orkestar\">https:\/\/www.facebook.com\/search\/top\/?q=Dobri%20ljudi%20orkestar<\/a><\/p>\n","protected":false},"excerpt":{"rendered":"<p>Zvu\u010dni snop ili Soundbeam je brand name grupe asistivnih ure\u0111aja za muziciranje pomo\u0107u senzora pokreta namenjenih prevashodno osobama sa pote\u0161ko\u0107ama u kretanju. Istoimenu muzi\u010dku radionicu je osnovao rok muzi\u010dar \u017darko Sebi\u0107 zajedno sa Renatom Koler krajem 2012. godine. Radionica deluje u okviru \u0161kole &#8220;Milan Petrovi\u0107&#8221; i uz podr\u0161ku Centra za socijalnu inkluziju. Projektno finansirana, radionica [&hellip;]<\/p>\n","protected":false},"author":1,"featured_media":0,"parent":2,"menu_order":1,"comment_status":"closed","ping_status":"closed","template":"","meta":{"footnotes":""},"class_list":["post-179","page","type-page","status-publish","hentry"],"_links":{"self":[{"href":"https:\/\/cesin.rs\/index.php\/wp-json\/wp\/v2\/pages\/179","targetHints":{"allow":["GET"]}}],"collection":[{"href":"https:\/\/cesin.rs\/index.php\/wp-json\/wp\/v2\/pages"}],"about":[{"href":"https:\/\/cesin.rs\/index.php\/wp-json\/wp\/v2\/types\/page"}],"author":[{"embeddable":true,"href":"https:\/\/cesin.rs\/index.php\/wp-json\/wp\/v2\/users\/1"}],"replies":[{"embeddable":true,"href":"https:\/\/cesin.rs\/index.php\/wp-json\/wp\/v2\/comments?post=179"}],"version-history":[{"count":21,"href":"https:\/\/cesin.rs\/index.php\/wp-json\/wp\/v2\/pages\/179\/revisions"}],"predecessor-version":[{"id":271,"href":"https:\/\/cesin.rs\/index.php\/wp-json\/wp\/v2\/pages\/179\/revisions\/271"}],"up":[{"embeddable":true,"href":"https:\/\/cesin.rs\/index.php\/wp-json\/wp\/v2\/pages\/2"}],"wp:attachment":[{"href":"https:\/\/cesin.rs\/index.php\/wp-json\/wp\/v2\/media?parent=179"}],"curies":[{"name":"wp","href":"https:\/\/api.w.org\/{rel}","templated":true}]}}