{"id":2,"date":"2022-12-29T16:17:06","date_gmt":"2022-12-29T16:17:06","guid":{"rendered":"https:\/\/cesin.rs\/?page_id=2"},"modified":"2023-01-19T09:09:34","modified_gmt":"2023-01-19T10:09:34","slug":"projekti","status":"publish","type":"page","link":"https:\/\/cesin.rs\/index.php\/projekti\/","title":{"rendered":"Projekti"},"content":{"rendered":"\n<ol class=\"wp-block-list\" type=\"1\">\n<li><em><a href=\"https:\/\/www.inkluzivnagalerija.rs\/vesti\/novi-projekat-umetnost-kao-zivotni-poziv\/\">Umetnost kao \u017eivotni poziv<\/a><\/em> Gradska uprava za kulturu (2022)<\/li>\n\n\n\n<li><em><a rel=\"noreferrer noopener\" href=\"https:\/\/visitns.rs\/2022\/01\/05\/docek-je-razlicitost\/\" target=\"_blank\">Muzika za sve<\/a><\/em> (2021) Ministarstvo kulture i informisanja RS<\/li>\n\n\n\n<li><a rel=\"noreferrer noopener\" href=\"https:\/\/ataac.eu\/beograd\/\" target=\"_blank\">Me\u0111unarodna konferencija<em> ATAAC 2109<\/em><\/a> Beograd (suorganizator)<\/li>\n\n\n\n<li><em><a rel=\"noreferrer noopener\" href=\"https:\/\/www.youtube.com\/watch?v=08AMjhStIoM\" target=\"_blank\">Muzika dostupna svima<\/a><\/em> (2018-19) Pokrajinski sekretarijat za kulturu; Ministarstvo rada, socijalne politike i zapo\u0161ljavanja RS<\/li>\n\n\n\n<li><a rel=\"noreferrer noopener\" href=\"https:\/\/cesin.rs\/wp-content\/uploads\/2023\/01\/vodic-i-analiza.jpg\" target=\"_blank\"><em>Vodi\u010d<\/em> i <em>Analiza<\/em> unapre\u0111enje pristupa\u010dnosti ustanova kulture<\/a> (2018)<br>Fondacija Novi Sad 2021<\/li>\n\n\n\n<li><em>Pristupa\u010dan grad Novi Sad<\/em> (2016-19) Analiza i predlozi unapre\u0111enja pristupa\u010dnosti javnih objekata i saobra\u0107ajnica u gradu (<a rel=\"noreferrer noopener\" href=\"https:\/\/cesin.rs\/wp-content\/uploads\/2023\/01\/P2016.mp4\" target=\"_blank\">Edukacija o pristupa\u010dnosti<\/a>; <a rel=\"noreferrer noopener\" href=\"https:\/\/cesin.rs\/wp-content\/uploads\/2023\/01\/Pages-from-Pristupacan-Novi-Sad.pdf\" target=\"_blank\">\u0160alter sala Gradske ku\u0107e<\/a>; S<a rel=\"noreferrer noopener\" href=\"https:\/\/cesin.rs\/wp-content\/uploads\/2023\/01\/Zgrada-Skupstine-grada-predlog-rekonstrukcije-ulaza.pdf\" target=\"_blank\">kup\u0161tina grad<\/a>a; <a rel=\"noreferrer noopener\" href=\"https:\/\/cesin.rs\/wp-content\/uploads\/2023\/01\/pristupacnan-Novi-Sad-taktilne-staze-u-sirem-centru.pdf\" target=\"_blank\">Horizontalna taktilna signalizacija<\/a>) Gradska uprava za socijalnu i de\u010diju za\u0161titu<\/li>\n\n\n\n<li><em><a rel=\"noreferrer noopener\" href=\"https:\/\/cesin.rs\/wp-content\/uploads\/2023\/01\/Lav-i-mis-foto.pdf\" target=\"_blank\">Multisenzorna knjiga za decu Novog Sada<\/a><\/em> (2015) Gradska upravu za socijalnu i de\u010diju za\u0161titu<\/li>\n\n\n\n<li><a rel=\"noreferrer noopener\" href=\"https:\/\/novisadjazzfestival.rs\/ucesnici-prateceg-programa\/muzicka-radionica-zvucni-snop\/\" target=\"_blank\">Muzi\u010dka radionica <em>Zvu\u010dni snop<\/em><\/a> (2015) Pokrajinski sekretarijat za kulturu i informisanje<\/li>\n\n\n\n<li><em><a href=\"https:\/\/www.youtube.com\/watch?v=T6ATLpvoPzg\">Kada bih mogla da biram<\/a><\/em> &#8211; kratki dokumentarni film (2015)<\/li>\n\n\n\n<li><em><a rel=\"noreferrer noopener\" href=\"https:\/\/cesin.rs\/wp-content\/uploads\/2023\/01\/savez-slepih-vojvodine-taktilna-mapa-i-natpisi.pdf\" target=\"_blank\">Taktilna grafika i orijentacija u objektima javne namene<\/a><\/em> (2015) Pokrajinski sekretarijat za urbanizam graditeljstvo i za\u0161titu \u017eivotne sredine<\/li>\n\n\n\n<li><em>Sertifikacija proizvoda<\/em> <em>starih i umetni\u010dkih zanata<\/em> (2015) Pokrajinski sekretarijat za privredu, zapo\u0161ljavanje i ravnopravnost polova<\/li>\n\n\n\n<li><em><a rel=\"noreferrer noopener\" href=\"https:\/\/cesin.rs\/wp-content\/uploads\/2023\/01\/stari-zanati.pdf\" target=\"_blank\">Stari zanati \u2013 kvalitetno radno anga\u017eovanje osoba sa invaliditetom<\/a><\/em> (2014)<br>Pokrajinski sekretarijat zaprivredu, zapo\u0161ljavanje i ravnopravnost polova<\/li>\n\n\n\n<li><em><a rel=\"noreferrer noopener\" href=\"https:\/\/cesin.rs\/wp-content\/uploads\/2023\/01\/senzorna-basta.pdf\" target=\"_blank\">Moj pristupa\u010dni vrt<\/a><\/em> (2014) Pokrajinski sekretarijat za urbanizam graditeljstvo i za\u0161titu \u017eivotne sredine<\/li>\n\n\n\n<li><em><a rel=\"noreferrer noopener\" href=\"https:\/\/cesin.rs\/wp-content\/uploads\/2023\/01\/%D0%B8%D0%B7%D0%B2%D0%B5%D1%81%D1%82%D0%B0%D1%98-%D1%83%D1%80%D0%B1%D0%B0%D0%BD%D0%B8%D0%B7%D0%B0%D0%BC-2013-1.pdf\" target=\"_blank\">Korak po korak<\/a><\/em> (2013) Unapre\u0111enje pristupa\u010dnosti objekta Inkluzivno kreativnog centra &#8211; Pokrajinski sekretarijat za urbanizam graditeljstvo i za\u0161titu \u017eivotne sredine<\/li>\n\n\n\n<li><em><a rel=\"noreferrer noopener\" href=\"https:\/\/cesin.rs\/wp-content\/uploads\/2023\/01\/poster-rana.pdf\" target=\"_blank\">Servis za podr\u0161ku deci u redovnim vrti\u0107ima i \u0161kolama<\/a><\/em> (2013)<br>u partnerstvu sa \u0160OSO \u201eMilan Petrovi\u0107\u201c sa domom u\u010denika<br>Grad Novi Sad, Gradska uprava za socijalnu i de\u010diju za\u0161titu<\/li>\n\n\n\n<li><em>Na\u0161a ku\u0107a 1 i 2<\/em> (2012-13) Godi\u0161nje snabdevanje namirnicama i sredstvima za higijenu korisnika dve ku\u0107ne zajednice u procesu deinstitucionalizacije Ministarstvo rada, zapo\u0161ljavanja i socijalne politike Republike Srbije<\/li>\n\n\n\n<li><a rel=\"noreferrer noopener\" href=\"https:\/\/cesin.rs\/wp-content\/uploads\/2023\/01\/Prirucnik.mp4\" target=\"_blank\"><em>Priru\u010dnik o pristupa\u010dnosti<\/em> <\/a>(2012) Pokrajinski sekretarijat za urbanizam graditeljstvo i za\u0161titu \u017eivotne sredine\u00a0<\/li>\n\n\n\n<li><em><a rel=\"noreferrer noopener\" href=\"https:\/\/cesin.rs\/wp-content\/uploads\/2023\/01\/slikam-jer-tako-govorim-Kalendar.pdf\" target=\"_blank\">Slikam jer tako govorim<\/a><\/em> (2012) Likovne radionice za decu sa smetnjama u razvoju.  Pokrajinski sekretarijat za zdravstvo, socijalnu politiku i demografiju<\/li>\n\n\n\n<li><em>Projekat izrade informacionog sistema za sveobuhvatnu evidenciju podr\u0161ke deci sa smetnjama u razvoju i osobama sa invaliditetom<\/em> za Gradsku uprava za socijalnu i de\u010diju za\u0161titu (2012-14)<\/li>\n\n\n\n<li><a href=\"https:\/\/www.canva.com\/design\/DAFWy5ePR70\/JQX3ovknUqkdlemhf8AFEw\/view?utm_content=DAFWy5ePR70&amp;utm_campaign=designshare&amp;utm_medium=link2&amp;utm_source=sharebutton\"><em>Da se razumemo<\/em><\/a> (2011) Izrada vizuelno-grafi\u010dke i taktilne komunikacije za Inkluzivno kreativni centar u Novom Sadu &#8211; Pokrajinski sekretarijat za urbanizam graditeljstvo i za\u0161titu \u017eivotne sredine<\/li>\n\n\n\n<li>Podr\u0161ka osnivanju socijalnog preduze\u0107a <em>IK studio (<\/em>2010-11) Podr\u0161ka politici za decu i mlade u Srbiji AID 8814 Regija Emilia-Romanja i Friuli-Venecija \u0110ulia  (IT) i Grad Novi Sad<\/li>\n<\/ol>\n","protected":false},"excerpt":{"rendered":"","protected":false},"author":1,"featured_media":0,"parent":0,"menu_order":0,"comment_status":"closed","ping_status":"open","template":"","meta":{"footnotes":""},"class_list":["post-2","page","type-page","status-publish","hentry"],"_links":{"self":[{"href":"https:\/\/cesin.rs\/index.php\/wp-json\/wp\/v2\/pages\/2","targetHints":{"allow":["GET"]}}],"collection":[{"href":"https:\/\/cesin.rs\/index.php\/wp-json\/wp\/v2\/pages"}],"about":[{"href":"https:\/\/cesin.rs\/index.php\/wp-json\/wp\/v2\/types\/page"}],"author":[{"embeddable":true,"href":"https:\/\/cesin.rs\/index.php\/wp-json\/wp\/v2\/users\/1"}],"replies":[{"embeddable":true,"href":"https:\/\/cesin.rs\/index.php\/wp-json\/wp\/v2\/comments?post=2"}],"version-history":[{"count":31,"href":"https:\/\/cesin.rs\/index.php\/wp-json\/wp\/v2\/pages\/2\/revisions"}],"predecessor-version":[{"id":267,"href":"https:\/\/cesin.rs\/index.php\/wp-json\/wp\/v2\/pages\/2\/revisions\/267"}],"wp:attachment":[{"href":"https:\/\/cesin.rs\/index.php\/wp-json\/wp\/v2\/media?parent=2"}],"curies":[{"name":"wp","href":"https:\/\/api.w.org\/{rel}","templated":true}]}}