{"id":69,"date":"2022-12-30T10:43:09","date_gmt":"2022-12-30T10:43:09","guid":{"rendered":"https:\/\/cesin.rs\/?page_id=69"},"modified":"2023-01-08T20:23:07","modified_gmt":"2023-01-08T21:23:07","slug":"galerija","status":"publish","type":"page","link":"https:\/\/cesin.rs\/index.php\/galerija\/","title":{"rendered":"Galerija"},"content":{"rendered":"\n<figure class=\"wp-block-embed is-type-video is-provider-youtube wp-block-embed-youtube wp-embed-aspect-4-3 wp-has-aspect-ratio\"><div class=\"wp-block-embed__wrapper\">\n<iframe loading=\"lazy\" title=\"Kada bih mogla da biram..\" width=\"500\" height=\"375\" src=\"https:\/\/www.youtube.com\/embed\/T6ATLpvoPzg?feature=oembed\" frameborder=\"0\" allow=\"accelerometer; autoplay; clipboard-write; encrypted-media; gyroscope; picture-in-picture; web-share\" referrerpolicy=\"strict-origin-when-cross-origin\" allowfullscreen><\/iframe>\n<\/div><figcaption class=\"wp-element-caption\"><a href=\"https:\/\/cesin.rs\/wp-content\/uploads\/2023\/01\/Kada-bih-mogla-da-biram-transkript.pdf\" target=\"_blank\" rel=\"noreferrer noopener\">Kada bih mogla da biram (transkript filma)<\/a><\/figcaption><\/figure>\n\n\n\n<p>Film &#8220;Kada bih mogla da biram&#8221; je snimljen 2015. godine po originalnom scenariju Marine Obradovi\u0107. Kamera: \u017deljko Mandi\u0107; Re\u017eija: \u017darko Sebi\u0107; Produkcija: Mirjana Isakov.<\/p>\n\n\n\n<p>Film je prikazivan na filmskim festivalima \u0161irom sveta i dobitnik je \u010detiri me\u0111unarodne nagrade. Nagra\u0111en je na Filmskom festivalu <a href=\"https:\/\/uhvatifilm.org\/foto-video\/?playlist=1b8ffba&amp;video=8609f36\">&#8220;Uhvati film&#8221;<\/a> 2015. godine, na <a href=\"https:\/\/cesin.rs\/wp-content\/uploads\/2023\/01\/magyar-2.jpg\" data-type=\"URL\" data-id=\"https:\/\/cesin.rs\/wp-content\/uploads\/2023\/01\/magyar-2.jpg\" target=\"_blank\" rel=\"noreferrer noopener\">3. ma\u0111arskom specijalnom filmskom festivalu<\/a> (2017); <a href=\"https:\/\/l.facebook.com\/l.php?u=https%3A%2F%2Fwww.youtube.com%2Fwatch%3Fv%3DbYKBOYWF_K0%26feature%3Dyoutu.be%26fbclid%3DIwAR2NodmGiz_S8nuMOwPYPRlyU4vNDHVxg9agtEwb4_irlj5v6S9WwhJwEc4&amp;h=AT3qhbQmSGoR-rWNGv_QUuzbtz04rXXQYg_t5XmezOgI76uttZTACXyHmbNMlv8HO3nw2cqNm-j1pFUGONz2JC89IdZuUIicjFYQdIlIWKyzVnsyW3hSwEzyb5KWth3NPw&amp;__tn__=%2CmH-y-R&amp;c[0]=AT1fbPRyExT2DYZy71ERenFJ39NtNeRh4ublMWZPZxB5k5JJeqsCb5iPS2BO3-cbnis8jzkplfw9SkK2oi6jPbiNU3SBWn4mS-uNEU2jY2WY90dkl1hE4mA0n5AeffudbzgeTJ_21y2OGf0cv-oXX0cy-o5riqvFXVcaMle0xQYM61KRMqOmqOkellL9swNWy-HkfDV0LiSuOw\">&#8220;Euregion&#8221; festivalu u Herleenu 2018.<\/a> i &#8220;<a href=\"http:\/\/iff.azurelorica.org\/2022\/06\/nominees-of-aliff-2022.html\">Azzure Lorica<\/a>&#8221; festivalu  2022. godine.<\/p>\n\n\n\n<p><\/p>\n\n\n\n<figure class=\"wp-block-image size-full\"><img loading=\"lazy\" decoding=\"async\" width=\"809\" height=\"540\" src=\"https:\/\/cesin.rs\/wp-content\/uploads\/2023\/01\/princ-Charles.jpg\" alt=\"Do\u010dek Princa od Velsa i vojvotkinje od Kornvola u Novom Sadu 2016. godine.  Marina Obradovi\u0107 u prvom planu.\" class=\"wp-image-83\" srcset=\"https:\/\/cesin.rs\/wp-content\/uploads\/2023\/01\/princ-Charles.jpg 809w, https:\/\/cesin.rs\/wp-content\/uploads\/2023\/01\/princ-Charles-300x200.jpg 300w, https:\/\/cesin.rs\/wp-content\/uploads\/2023\/01\/princ-Charles-768x513.jpg 768w\" sizes=\"auto, (max-width: 809px) 100vw, 809px\" \/><figcaption class=\"wp-element-caption\">Do\u010dek Princa od Velsa i vojvotkinje od Kornvola u Novom Sadu 2016. godine.  Marina Obradovi\u0107 u prvom planu.<\/figcaption><\/figure>\n\n\n\n<p><br>Zajedno sa autorima, na\u0161 film je pogledao i holivudski glumac D\u017eon Sevid\u017e. <a href=\"http:\/\/www.novosti.rs\/vesti\/naslovna\/reportaze\/aktuelno.293.html:651002-Dzon-Sevidz-u-Novom-Sadu-sa-decom-sa-posebnim-potrebama\">http:\/\/www.novosti.rs\/vesti\/naslovna\/reportaze\/aktuelno.293.html:651002-Dzon-Sevidz-u-Novom-Sadu-sa-decom-sa-posebnim-potrebama<\/a><\/p>\n\n\n\n<p><\/p>\n\n\n\n<figure class=\"wp-block-embed is-type-video is-provider-youtube wp-block-embed-youtube wp-embed-aspect-16-9 wp-has-aspect-ratio\"><div class=\"wp-block-embed__wrapper\">\n<iframe loading=\"lazy\" title=\"360 video - nastup sounbeam orkestra &quot;Dobri ljudi&quot; na otvaranju izlo\u017ebe  &quot;Umetnost za sve&quot;\" width=\"500\" height=\"281\" src=\"https:\/\/www.youtube.com\/embed\/xMbP-MhccV4?feature=oembed\" frameborder=\"0\" allow=\"accelerometer; autoplay; clipboard-write; encrypted-media; gyroscope; picture-in-picture; web-share\" referrerpolicy=\"strict-origin-when-cross-origin\" allowfullscreen><\/iframe>\n<\/div><figcaption class=\"wp-element-caption\">Nastup orkestra &#8220;Dobri ljudi&#8221; na otvaranju izlo\u017ebe &#8220;Umetnost za sve&#8221; u 360 video zapisu<\/figcaption><\/figure>\n","protected":false},"excerpt":{"rendered":"<p>Film &#8220;Kada bih mogla da biram&#8221; je snimljen 2015. godine po originalnom scenariju Marine Obradovi\u0107. Kamera: \u017deljko Mandi\u0107; Re\u017eija: \u017darko Sebi\u0107; Produkcija: Mirjana Isakov. Film je prikazivan na filmskim festivalima \u0161irom sveta i dobitnik je \u010detiri me\u0111unarodne nagrade. Nagra\u0111en je na Filmskom festivalu &#8220;Uhvati film&#8221; 2015. godine, na 3. ma\u0111arskom specijalnom filmskom festivalu (2017); &#8220;Euregion&#8221; [&hellip;]<\/p>\n","protected":false},"author":1,"featured_media":0,"parent":0,"menu_order":0,"comment_status":"closed","ping_status":"closed","template":"","meta":{"footnotes":""},"class_list":["post-69","page","type-page","status-publish","hentry"],"_links":{"self":[{"href":"https:\/\/cesin.rs\/index.php\/wp-json\/wp\/v2\/pages\/69","targetHints":{"allow":["GET"]}}],"collection":[{"href":"https:\/\/cesin.rs\/index.php\/wp-json\/wp\/v2\/pages"}],"about":[{"href":"https:\/\/cesin.rs\/index.php\/wp-json\/wp\/v2\/types\/page"}],"author":[{"embeddable":true,"href":"https:\/\/cesin.rs\/index.php\/wp-json\/wp\/v2\/users\/1"}],"replies":[{"embeddable":true,"href":"https:\/\/cesin.rs\/index.php\/wp-json\/wp\/v2\/comments?post=69"}],"version-history":[{"count":13,"href":"https:\/\/cesin.rs\/index.php\/wp-json\/wp\/v2\/pages\/69\/revisions"}],"predecessor-version":[{"id":250,"href":"https:\/\/cesin.rs\/index.php\/wp-json\/wp\/v2\/pages\/69\/revisions\/250"}],"wp:attachment":[{"href":"https:\/\/cesin.rs\/index.php\/wp-json\/wp\/v2\/media?parent=69"}],"curies":[{"name":"wp","href":"https:\/\/api.w.org\/{rel}","templated":true}]}}