{"id":87,"date":"2023-01-02T12:00:43","date_gmt":"2023-01-02T13:00:43","guid":{"rendered":"https:\/\/cesin.rs\/?page_id=87"},"modified":"2023-01-19T09:40:05","modified_gmt":"2023-01-19T10:40:05","slug":"saradnja-i-podrska","status":"publish","type":"page","link":"https:\/\/cesin.rs\/index.php\/saradnja-i-podrska\/","title":{"rendered":"Saradnja i podr\u0161ka"},"content":{"rendered":"\n<p class=\"has-link-color wp-elements-b1755e489d2e8d9fafb1a99694d713d0\"><a rel=\"noreferrer noopener\" href=\"http:\/\/smp.edu.rs\" target=\"_blank\"><strong>\u0160kola velikog srca<\/strong><\/a><\/p>\n\n\n\n<p class=\"has-tertiary-background-color has-background has-link-color wp-elements-17dd9066ee9e54edd2440e99c7929bc7\">Veliki broj projekata je realizovan u partnerstvu sa <a href=\"https:\/\/smp.edu.rs\/srlat\/pocetna\/\">\u0160OSO &#8220;Milan Petrovi\u0107&#8221; sa domom u\u010denika iz Novog Sada<\/a> u cilju unapre\u0111enja pristupa\u010dnosti i kvaliteta dodatne podr\u0161ke, obrazovanja, radnog anga\u017eovanja i afirmacije potencijala dece, u\u010denika i korisnika \u0160kole.<\/p>\n\n\n\n<p class=\"has-link-color wp-elements-11ae369a059611da4b43ffdbd79bc90b\"><strong><a rel=\"noreferrer noopener\" href=\"https:\/\/novisad2022.rs\/rs\/pocetna\/\" target=\"_blank\">Novi Sad &#8211; Evropska prestonica kulture<\/a><\/strong><\/p>\n\n\n\n<p class=\"has-tertiary-background-color has-background has-link-color wp-elements-7003e596cc4ef10d4afeb1cb9f74a63b\">U okviru priprema programa Novi Sad &#8211; EPK 2022, tokom 2018. godine realizovani su <em><a rel=\"noreferrer noopener\" href=\"https:\/\/cesin.rs\/wp-content\/uploads\/2023\/01\/vodic-i-analiza.jpg\" target=\"_blank\">Vodi\u010d za unapre\u0111enje i Analiza pristupa\u010dnosti ustanova kulture<\/a><\/em>, a kao u\u010desnici participirali smo u projektima <em><a href=\"https:\/\/kalendar.novisad2022.rs\/events\/zvucni-snop\/\">Zvu\u010dni snop<\/a><\/em> i <em><a href=\"https:\/\/kalendar.novisad2022.rs\/events\/upoznajmo-kulturnu-bastinu-svim-culima\/\">Upoznajmo kulturnu ba\u0161tinu svim \u010dulima<\/a><\/em>.<\/p>\n\n\n\n<p class=\"has-link-color wp-elements-847b0a6b61a80d8cafcf10e6f173ec7b\"><a rel=\"noreferrer noopener\" href=\"https:\/\/www.inkluzivnagalerija.rs\/\" target=\"_blank\"><strong>Umetnost za sve<\/strong><\/a><\/p>\n\n\n\n<p class=\"has-tertiary-background-color has-background has-link-color wp-elements-f6c5cd8b27e968c841ba94b65580053a\">Od osnivanja, CSI posebnu pa\u017enja posve\u0107uje <a href=\"https:\/\/www.inkluzivnagalerija.rs\/\" target=\"_blank\" rel=\"noreferrer noopener\">pristupa\u010dnoj umetnosti<\/a>. <br>2022. godine realizovan je projekat <a href=\"https:\/\/www.inkluzivnagalerija.rs\/vesti\/novi-projekat-umetnost-kao-zivotni-poziv\/\"><em>Umetnost kao \u017eivotni poziv<\/em><\/a> u saradnji sa Inluzivnom galerijom. Projekat je podr\u017eala <a href=\"http:\/\/www.kultura.novisad.rs\/lat\">Gradska uprava za kulturu<\/a>.<\/p>\n\n\n\n<p class=\"has-link-color wp-elements-f11289e5a47debec131873c359f8abf7\"><\/p>\n","protected":false},"excerpt":{"rendered":"<p>\u0160kola velikog srca Veliki broj projekata je realizovan u partnerstvu sa \u0160OSO &#8220;Milan Petrovi\u0107&#8221; sa domom u\u010denika iz Novog Sada u cilju unapre\u0111enja pristupa\u010dnosti i kvaliteta dodatne podr\u0161ke, obrazovanja, radnog anga\u017eovanja i afirmacije potencijala dece, u\u010denika i korisnika \u0160kole. Novi Sad &#8211; Evropska prestonica kulture U okviru priprema programa Novi Sad &#8211; EPK 2022, tokom [&hellip;]<\/p>\n","protected":false},"author":1,"featured_media":0,"parent":0,"menu_order":0,"comment_status":"closed","ping_status":"closed","template":"","meta":{"footnotes":""},"class_list":["post-87","page","type-page","status-publish","hentry"],"_links":{"self":[{"href":"https:\/\/cesin.rs\/index.php\/wp-json\/wp\/v2\/pages\/87","targetHints":{"allow":["GET"]}}],"collection":[{"href":"https:\/\/cesin.rs\/index.php\/wp-json\/wp\/v2\/pages"}],"about":[{"href":"https:\/\/cesin.rs\/index.php\/wp-json\/wp\/v2\/types\/page"}],"author":[{"embeddable":true,"href":"https:\/\/cesin.rs\/index.php\/wp-json\/wp\/v2\/users\/1"}],"replies":[{"embeddable":true,"href":"https:\/\/cesin.rs\/index.php\/wp-json\/wp\/v2\/comments?post=87"}],"version-history":[{"count":11,"href":"https:\/\/cesin.rs\/index.php\/wp-json\/wp\/v2\/pages\/87\/revisions"}],"predecessor-version":[{"id":264,"href":"https:\/\/cesin.rs\/index.php\/wp-json\/wp\/v2\/pages\/87\/revisions\/264"}],"wp:attachment":[{"href":"https:\/\/cesin.rs\/index.php\/wp-json\/wp\/v2\/media?parent=87"}],"curies":[{"name":"wp","href":"https:\/\/api.w.org\/{rel}","templated":true}]}}